{"id":1152,"date":"2017-02-15T15:05:23","date_gmt":"2017-02-15T14:05:23","guid":{"rendered":"http:\/\/wordpress.appartements-jaeger.at\/kontakt-anreise-flachau-reitdorf\/"},"modified":"2022-08-23T12:50:12","modified_gmt":"2022-08-23T10:50:12","slug":"contact-directions-flachau-reitdorf","status":"publish","type":"page","link":"https:\/\/www.appartements-jaeger.at\/en\/contact-directions-flachau-reitdorf\/","title":{"rendered":"Contact &#038; Directions"},"content":{"rendered":"<div class=\"wpb-content-wrapper\"><p>[vc_row][vc_column][vc_column_text]<\/p>\n<h1>Contact details &amp; directions<\/h1>\n<h2>How to get to the Appartements J\u00e4ger in Flachau-Reitdorf<\/h2>\n<p>[\/vc_column_text][\/vc_column][\/vc_row][vc_row full_width=&#8221;stretch_row&#8221; content_placement=&#8221;middle&#8221; el_class=&#8221;hintergrund&#8221;][vc_column width=&#8221;1\/2&#8243;][vc_gallery interval=&#8221;3&#8243; images=&#8221;1283,1319&#8243; img_size=&#8221;medium&#8221;][\/vc_column][vc_column width=&#8221;1\/2&#8243;][vc_column_text]<\/p>\n<h4>Appartements J\u00e4ger<\/h4>\n<p>[\/vc_column_text][vc_column_text]Monika and Gerhard J\u00e4ger<\/p>\n<p>Schachenweg 198<\/p>\n<p>A-5542 Flachau<\/p>\n<p>&nbsp;<\/p>\n<p>Mobile <a href=\"tel:+436643532135\">+43 664 353 21 35<\/a><\/p>\n<p>Mobile <a href=\"tel:+436641039578\">+43 664 103 95 78<\/a><\/p>\n<p><a href=\"mailto:info@appartements-jaeger.at\">info@appartements-jaeger.at<\/a>[\/vc_column_text][\/vc_column][\/vc_row][vc_row el_class=&#8221;abstand-unten-0&#8243;][vc_column][vc_column_text]<\/p>\n<h3>Anreise mit dem Auto<\/h3>\n<p>[\/vc_column_text][vc_column_text]<\/p>\n<div id=\"correction_area\" class=\"form-item no-affixes\">\n<div class=\"form-textarea\">The GPS co-ordinates for your sat nav (UTM) are: lat: 47.38161512, long: 13.39892646.<\/div>\n<\/div>\n<p>[\/vc_column_text][\/vc_column][\/vc_row][vc_row][vc_column][\/vc_column][\/vc_row][vc_row css=&#8221;.vc_custom_1487752184162{padding-top: 25px !important;}&#8221;][vc_column][vc_column_text]<\/p>\n<h5>Road traffic report in Austria (\u00d6AMTC)<\/h5>\n<div class=\"form-textarea\"><\/div>\n<p>[\/vc_column_text][vc_column_text]<\/p>\n<div class=\"form-textarea\">\n<p>Before setting off find out about the <a href=\"http:\/\/www.oeamtc.at\/\" target=\"_blank\" rel=\"noopener\">current traffic situation in Austria<\/a> and please note that a <strong>valid motorway toll sticker<\/strong> is required for travel on Austrian motorways.<\/p>\n<\/div>\n<p>[\/vc_column_text][\/vc_column][\/vc_row][vc_row][vc_column width=&#8221;1\/2&#8243;][vc_column_text]<\/p>\n<h3>Arriving by rail<\/h3>\n<p>[\/vc_column_text][vc_column_text css=&#8221;.vc_custom_1522397385794{margin-bottom: 20px !important;}&#8221;]The nearest <strong>railway station <\/strong>is in <strong>Altenmarkt<\/strong> (2 km away). We&#8217;re happy to take care of your arrival and departure transfer to and from the railway station and our house.[\/vc_column_text][vc_column_text]<\/p>\n<ul>\n<li><a href=\"http:\/\/www.oebb.at\/\" target=\"_blank\" rel=\"noopener\">Austrian Rail<\/a><\/li>\n<li><a href=\"http:\/\/www.bahn.de\" target=\"_blank\" rel=\"noopener\">German Rail<\/a><\/li>\n<li><a href=\"http:\/\/www.sbb.ch\/home.html\" target=\"_blank\" rel=\"noopener\">Swiss Rail<\/a><\/li>\n<\/ul>\n<p>[\/vc_column_text][\/vc_column][vc_column width=&#8221;1\/2&#8243;][vc_column_text]<\/p>\n<h3>Arriving by plane<\/h3>\n<p>[\/vc_column_text][vc_column_text el_class=&#8221;abstand-unten-0&#8243; css=&#8221;.vc_custom_1522397490678{margin-bottom: 20px !important;}&#8221;]The nearest airport is<strong> Salzburg-Airport &#8220;W.A. Mozart&#8221;<\/strong>, approx. 70 km away. We&#8217;re happy to organise your arrival and departure to and from the airport and our house.[\/vc_column_text][vc_row_inner css=&#8221;.vc_custom_1487752097032{margin-bottom: 0px !important;}&#8221;][vc_column_inner width=&#8221;1\/2&#8243;][vc_column_text]<\/p>\n<ul>\n<li><a href=\"https:\/\/www.eurowings.com\/\" target=\"_blank\" rel=\"noopener\">Eurowings<\/a><\/li>\n<li><a href=\"https:\/\/www.norwegian.com\" target=\"_blank\" rel=\"noopener\">Norwegian<\/a><\/li>\n<li><a href=\"http:\/\/www.ryanair.com\/\" target=\"_blank\" rel=\"noopener\">Ryan Air<\/a><\/li>\n<\/ul>\n<p>[\/vc_column_text][\/vc_column_inner][vc_column_inner width=&#8221;1\/2&#8243;][vc_column_text]<\/p>\n<ul>\n<li><a href=\"http:\/\/www.austrian.com\/\" target=\"_blank\" rel=\"noopener\">AUA\/Lufthansa<\/a><\/li>\n<li><a href=\"http:\/\/www.britishairways.com\/\" target=\"_blank\" rel=\"noopener\">British Airways<\/a><\/li>\n<\/ul>\n<p>[\/vc_column_text][\/vc_column_inner][\/vc_row_inner][\/vc_column][\/vc_row]<\/p>\n<\/div>","protected":false},"excerpt":{"rendered":"<p>[vc_row][vc_column][vc_column_text] Contact details &amp; directions How to get to the Appartements J\u00e4ger in Flachau-Reitdorf [\/vc_column_text][\/vc_column][\/vc_row][vc_row full_width=&#8221;stretch_row&#8221; content_placement=&#8221;middle&#8221; el_class=&#8221;hintergrund&#8221;][vc_column width=&#8221;1\/2&#8243;][vc_gallery interval=&#8221;3&#8243; images=&#8221;1283,1319&#8243; img_size=&#8221;medium&#8221;][\/vc_column][vc_column width=&#8221;1\/2&#8243;][vc_column_text] Appartements J\u00e4ger [\/vc_column_text][vc_column_text]Monika and Gerhard J\u00e4ger Schachenweg 198 A-5542 Flachau &nbsp; Mobile +43 664 353 21 35 Mobile +43 664 103 95 78 info@appartements-jaeger.at[\/vc_column_text][\/vc_column][\/vc_row][vc_row el_class=&#8221;abstand-unten-0&#8243;][vc_column][vc_column_text] Anreise mit dem Auto [\/vc_column_text][vc_column_text] The GPS &hellip;<\/p>\n\n<p><a class=\"readmore btn btn-default btn-default btn-block\" href=\"https:\/\/www.appartements-jaeger.at\/en\/contact-directions-flachau-reitdorf\/\">Read More<\/a><\/p>","protected":false},"author":1,"featured_media":1130,"parent":0,"menu_order":0,"comment_status":"closed","ping_status":"closed","template":"","meta":{"footnotes":""},"class_list":["post-1152","page","type-page","status-publish","has-post-thumbnail","hentry"],"yoast_head":"<!-- This site is optimized with the Yoast SEO plugin v27.4 - https:\/\/yoast.com\/product\/yoast-seo-wordpress\/ -->\n<title>Contact details &amp; directions - Appartements J\u00e4ger in Reitdorf-Flachau<\/title>\n<meta name=\"description\" content=\"Contact us: Appartements J\u00e4ger, Monika &amp; Gerhard J\u00e4ger, Schachenweg 198, A-5542 Flachau, Mobile +43 664 353 21 35, +43 664 103 95 78, info@appartements-jaeger.at\" \/>\n<meta name=\"robots\" content=\"index, follow, max-snippet:-1, max-image-preview:large, max-video-preview:-1\" \/>\n<link rel=\"canonical\" href=\"https:\/\/www.appartements-jaeger.at\/en\/contact-directions-flachau-reitdorf\/\" \/>\n<meta property=\"og:locale\" content=\"en_US\" \/>\n<meta property=\"og:type\" content=\"article\" \/>\n<meta property=\"og:title\" content=\"Contact details &amp; directions - Appartements J\u00e4ger in Reitdorf-Flachau\" \/>\n<meta property=\"og:description\" content=\"Contact us: Appartements J\u00e4ger, Monika &amp; Gerhard J\u00e4ger, Schachenweg 198, A-5542 Flachau, Mobile +43 664 353 21 35, +43 664 103 95 78, info@appartements-jaeger.at\" \/>\n<meta property=\"og:url\" content=\"https:\/\/www.appartements-jaeger.at\/en\/contact-directions-flachau-reitdorf\/\" \/>\n<meta property=\"og:site_name\" content=\"Appartements J\u00e4ger Flachau\" \/>\n<meta property=\"article:modified_time\" content=\"2022-08-23T10:50:12+00:00\" \/>\n<meta property=\"og:image\" content=\"https:\/\/www.appartements-jaeger.at\/wp-content\/uploads\/skiurlaub-flachau-salzburg-1.jpg\" \/>\n\t<meta property=\"og:image:width\" content=\"1438\" \/>\n\t<meta property=\"og:image:height\" content=\"713\" \/>\n\t<meta property=\"og:image:type\" content=\"image\/jpeg\" \/>\n<meta name=\"twitter:label1\" content=\"Est. reading time\" \/>\n\t<meta name=\"twitter:data1\" content=\"2 minutes\" \/>\n<script type=\"application\/ld+json\" class=\"yoast-schema-graph\">{\"@context\":\"https:\\\/\\\/schema.org\",\"@graph\":[{\"@type\":\"WebPage\",\"@id\":\"https:\\\/\\\/www.appartements-jaeger.at\\\/en\\\/contact-directions-flachau-reitdorf\\\/\",\"url\":\"https:\\\/\\\/www.appartements-jaeger.at\\\/en\\\/contact-directions-flachau-reitdorf\\\/\",\"name\":\"Contact details & directions - Appartements J\u00e4ger in Reitdorf-Flachau\",\"isPartOf\":{\"@id\":\"https:\\\/\\\/www.appartements-jaeger.at\\\/#website\"},\"primaryImageOfPage\":{\"@id\":\"https:\\\/\\\/www.appartements-jaeger.at\\\/en\\\/contact-directions-flachau-reitdorf\\\/#primaryimage\"},\"image\":{\"@id\":\"https:\\\/\\\/www.appartements-jaeger.at\\\/en\\\/contact-directions-flachau-reitdorf\\\/#primaryimage\"},\"thumbnailUrl\":\"https:\\\/\\\/www.appartements-jaeger.at\\\/wp-content\\\/uploads\\\/skiurlaub-flachau-salzburg-1.jpg\",\"datePublished\":\"2017-02-15T14:05:23+00:00\",\"dateModified\":\"2022-08-23T10:50:12+00:00\",\"description\":\"Contact us: Appartements J\u00e4ger, Monika & Gerhard J\u00e4ger, Schachenweg 198, A-5542 Flachau, Mobile +43 664 353 21 35, +43 664 103 95 78, info@appartements-jaeger.at\",\"breadcrumb\":{\"@id\":\"https:\\\/\\\/www.appartements-jaeger.at\\\/en\\\/contact-directions-flachau-reitdorf\\\/#breadcrumb\"},\"inLanguage\":\"en-US\",\"potentialAction\":[{\"@type\":\"ReadAction\",\"target\":[\"https:\\\/\\\/www.appartements-jaeger.at\\\/en\\\/contact-directions-flachau-reitdorf\\\/\"]}]},{\"@type\":\"ImageObject\",\"inLanguage\":\"en-US\",\"@id\":\"https:\\\/\\\/www.appartements-jaeger.at\\\/en\\\/contact-directions-flachau-reitdorf\\\/#primaryimage\",\"url\":\"https:\\\/\\\/www.appartements-jaeger.at\\\/wp-content\\\/uploads\\\/skiurlaub-flachau-salzburg-1.jpg\",\"contentUrl\":\"https:\\\/\\\/www.appartements-jaeger.at\\\/wp-content\\\/uploads\\\/skiurlaub-flachau-salzburg-1.jpg\",\"width\":\"1438\",\"height\":\"713\",\"caption\":\"Skiurlaub in Flachau, Ski amad\u00e9\"},{\"@type\":\"BreadcrumbList\",\"@id\":\"https:\\\/\\\/www.appartements-jaeger.at\\\/en\\\/contact-directions-flachau-reitdorf\\\/#breadcrumb\",\"itemListElement\":[{\"@type\":\"ListItem\",\"position\":1,\"name\":\"Startseite\",\"item\":\"https:\\\/\\\/www.appartements-jaeger.at\\\/en\\\/\"},{\"@type\":\"ListItem\",\"position\":2,\"name\":\"Contact &#038; Directions\"}]},{\"@type\":\"WebSite\",\"@id\":\"https:\\\/\\\/www.appartements-jaeger.at\\\/#website\",\"url\":\"https:\\\/\\\/www.appartements-jaeger.at\\\/\",\"name\":\"Appartements J\u00e4ger Flachau\",\"description\":\"Ferienwohnung in Flachau\",\"potentialAction\":[{\"@type\":\"SearchAction\",\"target\":{\"@type\":\"EntryPoint\",\"urlTemplate\":\"https:\\\/\\\/www.appartements-jaeger.at\\\/?s={search_term_string}\"},\"query-input\":{\"@type\":\"PropertyValueSpecification\",\"valueRequired\":true,\"valueName\":\"search_term_string\"}}],\"inLanguage\":\"en-US\"}]}<\/script>\n<!-- \/ Yoast SEO plugin. -->","yoast_head_json":{"title":"Contact details & directions - Appartements J\u00e4ger in Reitdorf-Flachau","description":"Contact us: Appartements J\u00e4ger, Monika & Gerhard J\u00e4ger, Schachenweg 198, A-5542 Flachau, Mobile +43 664 353 21 35, +43 664 103 95 78, info@appartements-jaeger.at","robots":{"index":"index","follow":"follow","max-snippet":"max-snippet:-1","max-image-preview":"max-image-preview:large","max-video-preview":"max-video-preview:-1"},"canonical":"https:\/\/www.appartements-jaeger.at\/en\/contact-directions-flachau-reitdorf\/","og_locale":"en_US","og_type":"article","og_title":"Contact details & directions - Appartements J\u00e4ger in Reitdorf-Flachau","og_description":"Contact us: Appartements J\u00e4ger, Monika & Gerhard J\u00e4ger, Schachenweg 198, A-5542 Flachau, Mobile +43 664 353 21 35, +43 664 103 95 78, info@appartements-jaeger.at","og_url":"https:\/\/www.appartements-jaeger.at\/en\/contact-directions-flachau-reitdorf\/","og_site_name":"Appartements J\u00e4ger Flachau","article_modified_time":"2022-08-23T10:50:12+00:00","og_image":[{"width":1438,"height":713,"url":"https:\/\/www.appartements-jaeger.at\/wp-content\/uploads\/skiurlaub-flachau-salzburg-1.jpg","type":"image\/jpeg"}],"twitter_misc":{"Est. reading time":"2 minutes"},"schema":{"@context":"https:\/\/schema.org","@graph":[{"@type":"WebPage","@id":"https:\/\/www.appartements-jaeger.at\/en\/contact-directions-flachau-reitdorf\/","url":"https:\/\/www.appartements-jaeger.at\/en\/contact-directions-flachau-reitdorf\/","name":"Contact details & directions - Appartements J\u00e4ger in Reitdorf-Flachau","isPartOf":{"@id":"https:\/\/www.appartements-jaeger.at\/#website"},"primaryImageOfPage":{"@id":"https:\/\/www.appartements-jaeger.at\/en\/contact-directions-flachau-reitdorf\/#primaryimage"},"image":{"@id":"https:\/\/www.appartements-jaeger.at\/en\/contact-directions-flachau-reitdorf\/#primaryimage"},"thumbnailUrl":"https:\/\/www.appartements-jaeger.at\/wp-content\/uploads\/skiurlaub-flachau-salzburg-1.jpg","datePublished":"2017-02-15T14:05:23+00:00","dateModified":"2022-08-23T10:50:12+00:00","description":"Contact us: Appartements J\u00e4ger, Monika & Gerhard J\u00e4ger, Schachenweg 198, A-5542 Flachau, Mobile +43 664 353 21 35, +43 664 103 95 78, info@appartements-jaeger.at","breadcrumb":{"@id":"https:\/\/www.appartements-jaeger.at\/en\/contact-directions-flachau-reitdorf\/#breadcrumb"},"inLanguage":"en-US","potentialAction":[{"@type":"ReadAction","target":["https:\/\/www.appartements-jaeger.at\/en\/contact-directions-flachau-reitdorf\/"]}]},{"@type":"ImageObject","inLanguage":"en-US","@id":"https:\/\/www.appartements-jaeger.at\/en\/contact-directions-flachau-reitdorf\/#primaryimage","url":"https:\/\/www.appartements-jaeger.at\/wp-content\/uploads\/skiurlaub-flachau-salzburg-1.jpg","contentUrl":"https:\/\/www.appartements-jaeger.at\/wp-content\/uploads\/skiurlaub-flachau-salzburg-1.jpg","width":"1438","height":"713","caption":"Skiurlaub in Flachau, Ski amad\u00e9"},{"@type":"BreadcrumbList","@id":"https:\/\/www.appartements-jaeger.at\/en\/contact-directions-flachau-reitdorf\/#breadcrumb","itemListElement":[{"@type":"ListItem","position":1,"name":"Startseite","item":"https:\/\/www.appartements-jaeger.at\/en\/"},{"@type":"ListItem","position":2,"name":"Contact &#038; Directions"}]},{"@type":"WebSite","@id":"https:\/\/www.appartements-jaeger.at\/#website","url":"https:\/\/www.appartements-jaeger.at\/","name":"Appartements J\u00e4ger Flachau","description":"Ferienwohnung in Flachau","potentialAction":[{"@type":"SearchAction","target":{"@type":"EntryPoint","urlTemplate":"https:\/\/www.appartements-jaeger.at\/?s={search_term_string}"},"query-input":{"@type":"PropertyValueSpecification","valueRequired":true,"valueName":"search_term_string"}}],"inLanguage":"en-US"}]}},"_links":{"self":[{"href":"https:\/\/www.appartements-jaeger.at\/en\/wp-json\/wp\/v2\/pages\/1152","targetHints":{"allow":["GET"]}}],"collection":[{"href":"https:\/\/www.appartements-jaeger.at\/en\/wp-json\/wp\/v2\/pages"}],"about":[{"href":"https:\/\/www.appartements-jaeger.at\/en\/wp-json\/wp\/v2\/types\/page"}],"author":[{"embeddable":true,"href":"https:\/\/www.appartements-jaeger.at\/en\/wp-json\/wp\/v2\/users\/1"}],"replies":[{"embeddable":true,"href":"https:\/\/www.appartements-jaeger.at\/en\/wp-json\/wp\/v2\/comments?post=1152"}],"version-history":[{"count":0,"href":"https:\/\/www.appartements-jaeger.at\/en\/wp-json\/wp\/v2\/pages\/1152\/revisions"}],"wp:featuredmedia":[{"embeddable":true,"href":"https:\/\/www.appartements-jaeger.at\/en\/wp-json\/wp\/v2\/media\/1130"}],"wp:attachment":[{"href":"https:\/\/www.appartements-jaeger.at\/en\/wp-json\/wp\/v2\/media?parent=1152"}],"curies":[{"name":"wp","href":"https:\/\/api.w.org\/{rel}","templated":true}]}}